{"id":74,"date":"2026-02-11T15:31:50","date_gmt":"2026-02-11T13:31:50","guid":{"rendered":"https:\/\/mini-siivous.fi\/?page_id=74"},"modified":"2026-02-20T09:44:40","modified_gmt":"2026-02-20T07:44:40","slug":"hinnasto","status":"publish","type":"page","link":"https:\/\/mini-siivous.fi\/index.php\/hinnasto\/","title":{"rendered":"Hinnasto"},"content":{"rendered":"\n<p class=\"has-text-align-center\">Kaikki siivouspalvelut sis\u00e4lt\u00e4v\u00e4t arvonlis\u00e4veron 25,5 % sek\u00e4 siivousmateriaalit ja kilometrikorvaukset. <\/p>\n\n\n\n<p class=\"has-text-align-center\">Voit hakea siivouspalveluista kotitalousv\u00e4hennyst\u00e4, joka on 35 % vuonna 2026.<\/p>\n\n\n\n<p><\/p>\n\n\n\n<p class=\"has-text-align-center\">Minimiveloitus on yksi (1) tunti. Seuraavat alkavat tunnit laskutetaan seuraavan puolituntisen mukaan.<\/p>\n\n\n\n<div class=\"wp-block-columns is-layout-flex wp-container-core-columns-is-layout-28f84493 wp-block-columns-is-layout-flex\">\n<div class=\"wp-block-column is-layout-flow wp-block-column-is-layout-flow\">\n<figure class=\"wp-block-image aligncenter size-full\"><img loading=\"lazy\" decoding=\"async\" width=\"1536\" height=\"1024\" src=\"https:\/\/mini-siivous.fi\/wp-content\/uploads\/2026\/02\/ChatGPT-Image-11.2.2026-klo-12.58.59.png\" alt=\"\" class=\"wp-image-56\" srcset=\"https:\/\/mini-siivous.fi\/wp-content\/uploads\/2026\/02\/ChatGPT-Image-11.2.2026-klo-12.58.59.png 1536w, https:\/\/mini-siivous.fi\/wp-content\/uploads\/2026\/02\/ChatGPT-Image-11.2.2026-klo-12.58.59-300x200.png 300w, https:\/\/mini-siivous.fi\/wp-content\/uploads\/2026\/02\/ChatGPT-Image-11.2.2026-klo-12.58.59-1024x683.png 1024w, https:\/\/mini-siivous.fi\/wp-content\/uploads\/2026\/02\/ChatGPT-Image-11.2.2026-klo-12.58.59-768x512.png 768w\" sizes=\"auto, (max-width: 1536px) 100vw, 1536px\" \/><figcaption class=\"wp-element-caption\">Yll\u00e4pitosiivous 48 \u20ac\/tunti<\/figcaption><\/figure>\n<\/div>\n\n\n\n<div class=\"wp-block-column is-layout-flow wp-block-column-is-layout-flow\">\n<figure class=\"wp-block-image aligncenter size-large\"><img loading=\"lazy\" decoding=\"async\" width=\"1024\" height=\"683\" src=\"https:\/\/mini-siivous.fi\/wp-content\/uploads\/2026\/02\/ChatGPT-Image-11.2.2026-klo-12.58.59-1024x683.png\" alt=\"\" class=\"wp-image-56\" srcset=\"https:\/\/mini-siivous.fi\/wp-content\/uploads\/2026\/02\/ChatGPT-Image-11.2.2026-klo-12.58.59-1024x683.png 1024w, https:\/\/mini-siivous.fi\/wp-content\/uploads\/2026\/02\/ChatGPT-Image-11.2.2026-klo-12.58.59-300x200.png 300w, https:\/\/mini-siivous.fi\/wp-content\/uploads\/2026\/02\/ChatGPT-Image-11.2.2026-klo-12.58.59-768x512.png 768w, https:\/\/mini-siivous.fi\/wp-content\/uploads\/2026\/02\/ChatGPT-Image-11.2.2026-klo-12.58.59.png 1536w\" sizes=\"auto, (max-width: 1024px) 100vw, 1024px\" \/><figcaption class=\"wp-element-caption\">Kertasiivous 53 \u20ac\/tunti<\/figcaption><\/figure>\n<\/div>\n\n\n\n<div class=\"wp-block-column is-layout-flow wp-block-column-is-layout-flow\">\n<figure class=\"wp-block-image aligncenter size-large\"><img loading=\"lazy\" decoding=\"async\" width=\"1024\" height=\"683\" src=\"https:\/\/mini-siivous.fi\/wp-content\/uploads\/2026\/02\/ChatGPT-Image-11.2.2026-klo-12.58.59-1024x683.png\" alt=\"\" class=\"wp-image-56\" srcset=\"https:\/\/mini-siivous.fi\/wp-content\/uploads\/2026\/02\/ChatGPT-Image-11.2.2026-klo-12.58.59-1024x683.png 1024w, https:\/\/mini-siivous.fi\/wp-content\/uploads\/2026\/02\/ChatGPT-Image-11.2.2026-klo-12.58.59-300x200.png 300w, https:\/\/mini-siivous.fi\/wp-content\/uploads\/2026\/02\/ChatGPT-Image-11.2.2026-klo-12.58.59-768x512.png 768w, https:\/\/mini-siivous.fi\/wp-content\/uploads\/2026\/02\/ChatGPT-Image-11.2.2026-klo-12.58.59.png 1536w\" sizes=\"auto, (max-width: 1024px) 100vw, 1024px\" \/><figcaption class=\"wp-element-caption\">Muuttosiivous 58 \u20ac\/tunti<\/figcaption><\/figure>\n<\/div>\n<\/div>\n\n\n\n<div class=\"wp-block-columns is-layout-flex wp-container-core-columns-is-layout-28f84493 wp-block-columns-is-layout-flex\">\n<div class=\"wp-block-column is-layout-flow wp-block-column-is-layout-flow\">\n<figure class=\"wp-block-image aligncenter size-large\"><img loading=\"lazy\" decoding=\"async\" width=\"1024\" height=\"683\" src=\"https:\/\/mini-siivous.fi\/wp-content\/uploads\/2026\/02\/ChatGPT-Image-11.2.2026-klo-12.58.59-1024x683.png\" alt=\"\" class=\"wp-image-56\" srcset=\"https:\/\/mini-siivous.fi\/wp-content\/uploads\/2026\/02\/ChatGPT-Image-11.2.2026-klo-12.58.59-1024x683.png 1024w, https:\/\/mini-siivous.fi\/wp-content\/uploads\/2026\/02\/ChatGPT-Image-11.2.2026-klo-12.58.59-300x200.png 300w, https:\/\/mini-siivous.fi\/wp-content\/uploads\/2026\/02\/ChatGPT-Image-11.2.2026-klo-12.58.59-768x512.png 768w, https:\/\/mini-siivous.fi\/wp-content\/uploads\/2026\/02\/ChatGPT-Image-11.2.2026-klo-12.58.59.png 1536w\" sizes=\"auto, (max-width: 1024px) 100vw, 1024px\" \/><\/figure>\n\n\n\n<details class=\"wp-block-details is-layout-flow wp-block-details-is-layout-flow\"><summary>Toimisto- liiketilasiivous<\/summary>\n<p>Sopimusasiakkaat 48 \u20ac\/tunti<\/p>\n\n\n\n<p>Kertasiivous 53 \u20ac\/tunti<\/p>\n<\/details>\n<\/div>\n\n\n\n<div class=\"wp-block-column is-layout-flow wp-block-column-is-layout-flow\">\n<figure class=\"wp-block-image aligncenter size-large\"><img loading=\"lazy\" decoding=\"async\" width=\"1024\" height=\"683\" src=\"https:\/\/mini-siivous.fi\/wp-content\/uploads\/2026\/02\/ChatGPT-Image-11.2.2026-klo-12.58.59-1024x683.png\" alt=\"\" class=\"wp-image-56\" srcset=\"https:\/\/mini-siivous.fi\/wp-content\/uploads\/2026\/02\/ChatGPT-Image-11.2.2026-klo-12.58.59-1024x683.png 1024w, https:\/\/mini-siivous.fi\/wp-content\/uploads\/2026\/02\/ChatGPT-Image-11.2.2026-klo-12.58.59-300x200.png 300w, https:\/\/mini-siivous.fi\/wp-content\/uploads\/2026\/02\/ChatGPT-Image-11.2.2026-klo-12.58.59-768x512.png 768w, https:\/\/mini-siivous.fi\/wp-content\/uploads\/2026\/02\/ChatGPT-Image-11.2.2026-klo-12.58.59.png 1536w\" sizes=\"auto, (max-width: 1024px) 100vw, 1024px\" \/><figcaption class=\"wp-element-caption\">H\u00e4\u00e4t\u00f6- ja raivaussiivous 65 \u20ac\/tunti<\/figcaption><\/figure>\n<\/div>\n\n\n\n<div class=\"wp-block-column is-layout-flow wp-block-column-is-layout-flow\">\n<figure class=\"wp-block-image aligncenter size-large\"><img loading=\"lazy\" decoding=\"async\" width=\"1024\" height=\"683\" src=\"https:\/\/mini-siivous.fi\/wp-content\/uploads\/2026\/02\/ChatGPT-Image-11.2.2026-klo-12.58.59-1024x683.png\" alt=\"\" class=\"wp-image-56\" srcset=\"https:\/\/mini-siivous.fi\/wp-content\/uploads\/2026\/02\/ChatGPT-Image-11.2.2026-klo-12.58.59-1024x683.png 1024w, https:\/\/mini-siivous.fi\/wp-content\/uploads\/2026\/02\/ChatGPT-Image-11.2.2026-klo-12.58.59-300x200.png 300w, https:\/\/mini-siivous.fi\/wp-content\/uploads\/2026\/02\/ChatGPT-Image-11.2.2026-klo-12.58.59-768x512.png 768w, https:\/\/mini-siivous.fi\/wp-content\/uploads\/2026\/02\/ChatGPT-Image-11.2.2026-klo-12.58.59.png 1536w\" sizes=\"auto, (max-width: 1024px) 100vw, 1024px\" \/><figcaption class=\"wp-element-caption\">Yksitt\u00e4iset tilat 45 \u20ac\/tunti<\/figcaption><\/figure>\n<\/div>\n<\/div>\n\n\n\n<div class=\"wp-block-columns is-layout-flex wp-container-core-columns-is-layout-28f84493 wp-block-columns-is-layout-flex\">\n<div class=\"wp-block-column is-layout-flow wp-block-column-is-layout-flow\">\n<figure class=\"wp-block-image aligncenter size-large\"><img loading=\"lazy\" decoding=\"async\" width=\"1024\" height=\"683\" src=\"https:\/\/mini-siivous.fi\/wp-content\/uploads\/2026\/02\/ChatGPT-Image-11.2.2026-klo-12.58.59-1024x683.png\" alt=\"\" class=\"wp-image-56\" srcset=\"https:\/\/mini-siivous.fi\/wp-content\/uploads\/2026\/02\/ChatGPT-Image-11.2.2026-klo-12.58.59-1024x683.png 1024w, https:\/\/mini-siivous.fi\/wp-content\/uploads\/2026\/02\/ChatGPT-Image-11.2.2026-klo-12.58.59-300x200.png 300w, https:\/\/mini-siivous.fi\/wp-content\/uploads\/2026\/02\/ChatGPT-Image-11.2.2026-klo-12.58.59-768x512.png 768w, https:\/\/mini-siivous.fi\/wp-content\/uploads\/2026\/02\/ChatGPT-Image-11.2.2026-klo-12.58.59.png 1536w\" sizes=\"auto, (max-width: 1024px) 100vw, 1024px\" \/><\/figure>\n\n\n\n<details class=\"wp-block-details is-layout-flow wp-block-details-is-layout-flow\"><summary>Taloyhti\u00f6t<\/summary>\n<p>Sopimusasiakkaat 48 \u20ac\/tunti<\/p>\n\n\n\n<p>Kertasiivous 53 \u20ac\/tunti<\/p>\n<\/details>\n<\/div>\n\n\n\n<div class=\"wp-block-column is-layout-flow wp-block-column-is-layout-flow\">\n<figure class=\"wp-block-image aligncenter size-large\"><img loading=\"lazy\" decoding=\"async\" width=\"1024\" height=\"683\" src=\"https:\/\/mini-siivous.fi\/wp-content\/uploads\/2026\/02\/ChatGPT-Image-11.2.2026-klo-12.58.59-1024x683.png\" alt=\"\" class=\"wp-image-56\" srcset=\"https:\/\/mini-siivous.fi\/wp-content\/uploads\/2026\/02\/ChatGPT-Image-11.2.2026-klo-12.58.59-1024x683.png 1024w, https:\/\/mini-siivous.fi\/wp-content\/uploads\/2026\/02\/ChatGPT-Image-11.2.2026-klo-12.58.59-300x200.png 300w, https:\/\/mini-siivous.fi\/wp-content\/uploads\/2026\/02\/ChatGPT-Image-11.2.2026-klo-12.58.59-768x512.png 768w, https:\/\/mini-siivous.fi\/wp-content\/uploads\/2026\/02\/ChatGPT-Image-11.2.2026-klo-12.58.59.png 1536w\" sizes=\"auto, (max-width: 1024px) 100vw, 1024px\" \/><figcaption class=\"wp-element-caption\">Remonttisiivous 60 \u20ac\/tunti<\/figcaption><\/figure>\n<\/div>\n\n\n\n<div class=\"wp-block-column is-layout-flow wp-block-column-is-layout-flow\">\n<figure class=\"wp-block-image size-large\"><img loading=\"lazy\" decoding=\"async\" width=\"1024\" height=\"683\" src=\"https:\/\/mini-siivous.fi\/wp-content\/uploads\/2026\/02\/ChatGPT-Image-11.2.2026-klo-12.58.59-1024x683.png\" alt=\"\" class=\"wp-image-56\" srcset=\"https:\/\/mini-siivous.fi\/wp-content\/uploads\/2026\/02\/ChatGPT-Image-11.2.2026-klo-12.58.59-1024x683.png 1024w, https:\/\/mini-siivous.fi\/wp-content\/uploads\/2026\/02\/ChatGPT-Image-11.2.2026-klo-12.58.59-300x200.png 300w, https:\/\/mini-siivous.fi\/wp-content\/uploads\/2026\/02\/ChatGPT-Image-11.2.2026-klo-12.58.59-768x512.png 768w, https:\/\/mini-siivous.fi\/wp-content\/uploads\/2026\/02\/ChatGPT-Image-11.2.2026-klo-12.58.59.png 1536w\" sizes=\"auto, (max-width: 1024px) 100vw, 1024px\" \/><\/figure>\n\n\n\n<details class=\"wp-block-details is-layout-flow wp-block-details-is-layout-flow\"><summary>Lis\u00e4palvelut<\/summary>\n<p>Ikkunan pesut 30 \u20ac\/tunti<\/p>\n\n\n\n<p>Uunin pesu 20 \u20ac<\/p>\n\n\n\n<p>Parvekkeen\/terassin siivous 30 \u20ac\/tunti<\/p>\n\n\n\n<p>Mattojen tamppaus:<\/p>\n\n\n\n<p class=\"has-text-align-center\">1-4&nbsp;mattoa 8 \u20ac&nbsp;<\/p>\n\n\n\n<p class=\"has-text-align-center\">5-10&nbsp;mattoa 15 \u20ac&nbsp;<\/p>\n\n\n\n<p class=\"has-text-align-center\">yli 10 mattoa 20 \u20ac\/h&nbsp;<\/p>\n<\/details>\n<\/div>\n<\/div>\n\n\n\n<div class=\"wp-block-columns is-layout-flex wp-container-core-columns-is-layout-28f84493 wp-block-columns-is-layout-flex\">\n<div class=\"wp-block-column is-layout-flow wp-block-column-is-layout-flow\"><\/div>\n\n\n\n<div class=\"wp-block-column is-layout-flow wp-block-column-is-layout-flow\"><\/div>\n\n\n\n<div class=\"wp-block-column is-layout-flow wp-block-column-is-layout-flow\"><\/div>\n<\/div>\n","protected":false},"excerpt":{"rendered":"<p>Kaikki siivouspalvelut sis\u00e4lt\u00e4v\u00e4t arvonlis\u00e4veron 25,5 % sek\u00e4 siivousmateriaalit ja kilometrikorvaukset. Voit hakea siivouspalveluista kotitalousv\u00e4hennyst\u00e4, joka on 35 % vuonna 2026. Minimiveloitus on yksi (1) tunti. Seuraavat alkavat tunnit laskutetaan seuraavan puolituntisen mukaan.<\/p>\n","protected":false},"author":1,"featured_media":0,"parent":0,"menu_order":0,"comment_status":"closed","ping_status":"closed","template":"","meta":{"footnotes":""},"class_list":["post-74","page","type-page","status-publish","hentry"],"_links":{"self":[{"href":"https:\/\/mini-siivous.fi\/index.php\/wp-json\/wp\/v2\/pages\/74","targetHints":{"allow":["GET"]}}],"collection":[{"href":"https:\/\/mini-siivous.fi\/index.php\/wp-json\/wp\/v2\/pages"}],"about":[{"href":"https:\/\/mini-siivous.fi\/index.php\/wp-json\/wp\/v2\/types\/page"}],"author":[{"embeddable":true,"href":"https:\/\/mini-siivous.fi\/index.php\/wp-json\/wp\/v2\/users\/1"}],"replies":[{"embeddable":true,"href":"https:\/\/mini-siivous.fi\/index.php\/wp-json\/wp\/v2\/comments?post=74"}],"version-history":[{"count":15,"href":"https:\/\/mini-siivous.fi\/index.php\/wp-json\/wp\/v2\/pages\/74\/revisions"}],"predecessor-version":[{"id":204,"href":"https:\/\/mini-siivous.fi\/index.php\/wp-json\/wp\/v2\/pages\/74\/revisions\/204"}],"wp:attachment":[{"href":"https:\/\/mini-siivous.fi\/index.php\/wp-json\/wp\/v2\/media?parent=74"}],"curies":[{"name":"wp","href":"https:\/\/api.w.org\/{rel}","templated":true}]}}