{"id":222,"date":"2026-03-26T14:13:15","date_gmt":"2026-03-26T12:13:15","guid":{"rendered":"https:\/\/mini-siivous.fi\/?page_id=222"},"modified":"2026-03-26T14:19:29","modified_gmt":"2026-03-26T12:19:29","slug":"tietosuojaseloste","status":"publish","type":"page","link":"https:\/\/mini-siivous.fi\/index.php\/tietosuojaseloste\/","title":{"rendered":"Tietosuojaseloste"},"content":{"rendered":"\n<div class=\"wp-block-columns is-layout-flex wp-container-core-columns-is-layout-28f84493 wp-block-columns-is-layout-flex\">\n<div class=\"wp-block-column is-layout-flow wp-block-column-is-layout-flow\">\n<details class=\"wp-block-details is-layout-flow wp-block-details-is-layout-flow\"><summary>Asiakasrekisterin yll\u00e4pit\u00e4j\u00e4<\/summary>\n<p>Tmi Mira Nisula, MiNi-Siivous<\/p>\n\n\n\n<p>041-3277&nbsp;805&nbsp;<\/p>\n\n\n\n<p>http:\/\/mini-siivous.fi<\/p>\n\n\n\n<p>mira.nisula@mini-siivous.fi<\/p>\n\n\n\n<p>Y-tunnus: 3599483-4<\/p>\n\n\n\n<div class=\"wp-block-columns is-layout-flex wp-container-core-columns-is-layout-28f84493 wp-block-columns-is-layout-flex\">\n<div class=\"wp-block-column is-layout-flow wp-block-column-is-layout-flow\">\n<details class=\"wp-block-details is-layout-flow wp-block-details-is-layout-flow\"><summary><\/summary>\n<p><\/p>\n<\/details>\n<\/div>\n\n\n\n<div class=\"wp-block-column is-layout-flow wp-block-column-is-layout-flow\"><\/div>\n\n\n\n<div class=\"wp-block-column is-layout-flow wp-block-column-is-layout-flow\"><\/div>\n<\/div>\n<\/details>\n<\/div>\n\n\n\n<div class=\"wp-block-column is-layout-flow wp-block-column-is-layout-flow\">\n<details class=\"wp-block-details is-layout-flow wp-block-details-is-layout-flow\"><summary>Tietojen k\u00e4ytt\u00f6tarkoitus<\/summary>\n<p>Asiakassuhde<\/p>\n<\/details>\n<\/div>\n\n\n\n<div class=\"wp-block-column is-layout-flow wp-block-column-is-layout-flow\">\n<details class=\"wp-block-details is-layout-flow wp-block-details-is-layout-flow\"><summary>Ker\u00e4tt\u00e4v\u00e4t tiedot<\/summary>\n<p>Asiakas<\/p>\n\n\n\n<p>Asiakkaan yhteystiedot<\/p>\n\n\n\n<p>Ty\u00f6kohde<\/p>\n\n\n\n<p><\/p>\n<\/details>\n<\/div>\n<\/div>\n\n\n\n<div class=\"wp-block-columns is-layout-flex wp-container-core-columns-is-layout-28f84493 wp-block-columns-is-layout-flex\">\n<div class=\"wp-block-column is-layout-flow wp-block-column-is-layout-flow\">\n<details class=\"wp-block-details is-layout-flow wp-block-details-is-layout-flow\"><summary>Tietojen l\u00e4hde<\/summary>\n<p>Ty\u00f6n tilaajalta<\/p>\n<\/details>\n<\/div>\n\n\n\n<div class=\"wp-block-column is-layout-flow wp-block-column-is-layout-flow\">\n<details class=\"wp-block-details is-layout-flow wp-block-details-is-layout-flow\"><summary>Tietojen luovutus<\/summary>\n<p>Tietoja ei luovuteta kolmansille osapuolille ilman osapuolten suostumusta.<\/p>\n<\/details>\n<\/div>\n\n\n\n<div class=\"wp-block-column is-layout-flow wp-block-column-is-layout-flow\">\n<details class=\"wp-block-details is-layout-flow wp-block-details-is-layout-flow\"><summary>Tietojen s\u00e4ilytys<\/summary>\n<p>Tietoja s\u00e4ilytet\u00e4\u00e4n 12 kuukautta maksettujen maksusuoritusten j\u00e4lkeen.<\/p>\n<\/details>\n<\/div>\n<\/div>\n","protected":false},"excerpt":{"rendered":"","protected":false},"author":1,"featured_media":0,"parent":0,"menu_order":0,"comment_status":"closed","ping_status":"closed","template":"","meta":{"footnotes":""},"class_list":["post-222","page","type-page","status-publish","hentry"],"_links":{"self":[{"href":"https:\/\/mini-siivous.fi\/index.php\/wp-json\/wp\/v2\/pages\/222","targetHints":{"allow":["GET"]}}],"collection":[{"href":"https:\/\/mini-siivous.fi\/index.php\/wp-json\/wp\/v2\/pages"}],"about":[{"href":"https:\/\/mini-siivous.fi\/index.php\/wp-json\/wp\/v2\/types\/page"}],"author":[{"embeddable":true,"href":"https:\/\/mini-siivous.fi\/index.php\/wp-json\/wp\/v2\/users\/1"}],"replies":[{"embeddable":true,"href":"https:\/\/mini-siivous.fi\/index.php\/wp-json\/wp\/v2\/comments?post=222"}],"version-history":[{"count":4,"href":"https:\/\/mini-siivous.fi\/index.php\/wp-json\/wp\/v2\/pages\/222\/revisions"}],"predecessor-version":[{"id":227,"href":"https:\/\/mini-siivous.fi\/index.php\/wp-json\/wp\/v2\/pages\/222\/revisions\/227"}],"wp:attachment":[{"href":"https:\/\/mini-siivous.fi\/index.php\/wp-json\/wp\/v2\/media?parent=222"}],"curies":[{"name":"wp","href":"https:\/\/api.w.org\/{rel}","templated":true}]}}