{"id":129,"date":"2026-02-11T17:18:15","date_gmt":"2026-02-11T15:18:15","guid":{"rendered":"https:\/\/mini-siivous.fi\/?page_id=129"},"modified":"2026-02-26T19:02:36","modified_gmt":"2026-02-26T17:02:36","slug":"yhteystiedot","status":"publish","type":"page","link":"https:\/\/mini-siivous.fi\/index.php\/yhteystiedot\/","title":{"rendered":"Yhteystiedot"},"content":{"rendered":"\n<div class=\"wp-block-columns is-layout-flex wp-container-core-columns-is-layout-28f84493 wp-block-columns-is-layout-flex\">\n<div class=\"wp-block-column is-layout-flow wp-block-column-is-layout-flow\">\n<figure class=\"wp-block-image aligncenter size-full\"><img loading=\"lazy\" decoding=\"async\" width=\"141\" height=\"126\" src=\"https:\/\/mini-siivous.fi\/wp-content\/uploads\/2026\/02\/puhelinlogo.png\" alt=\"\" class=\"wp-image-159\"\/><\/figure>\n\n\n\n<p class=\"has-text-align-center\">041-3277 805<\/p>\n\n\n\n<p class=\"has-text-align-center\">Voit soittaa tai j\u00e4tt\u00e4\u00e4 soittopyynn\u00f6n tekstiviestill\u00e4 tai Whatsapp-viestill\u00e4.<\/p>\n<\/div>\n\n\n\n<div class=\"wp-block-column is-layout-flow wp-block-column-is-layout-flow\">\n<figure class=\"wp-block-image aligncenter size-full\"><img loading=\"lazy\" decoding=\"async\" width=\"142\" height=\"132\" src=\"https:\/\/mini-siivous.fi\/wp-content\/uploads\/2026\/02\/maililogo.png\" alt=\"\" class=\"wp-image-160\"\/><\/figure>\n\n\n\n<p class=\"has-text-align-center\">mira.nisula@mini-siivous.fi <\/p>\n\n\n\n<p class=\"has-text-align-center\">Voit j\u00e4tt\u00e4\u00e4 soittopyynn\u00f6n my\u00f6s s\u00e4hk\u00f6postilla tai voit tilata siivouspalvelun suoraan s\u00e4hk\u00f6postitse. Kerro siivouskohteesta sek\u00e4 mist\u00e4 palvelusta olet kiinnostunut.<\/p>\n<\/div>\n\n\n\n<div class=\"wp-block-column is-layout-flow wp-block-column-is-layout-flow\">\n<figure class=\"wp-block-image aligncenter size-full\"><img loading=\"lazy\" decoding=\"async\" width=\"128\" height=\"148\" src=\"https:\/\/mini-siivous.fi\/wp-content\/uploads\/2026\/02\/somelogo.png\" alt=\"\" class=\"wp-image-161\"\/><\/figure>\n\n\n\n<p class=\"has-text-align-center\"><a href=\"https:\/\/www.facebook.com\/share\/1cmq1uYyuh\/\" target=\"_blank\" rel=\"noreferrer noopener\">Facebook<\/a><\/p>\n\n\n\n<p class=\"has-text-align-center\"> <a href=\"https:\/\/www.instagram.com\/minisiivous\/\" target=\"_blank\" rel=\"noreferrer noopener\">Instagram<\/a><\/p>\n<\/div>\n<\/div>\n\n\n<style id=\"wpforms-css-vars-166\">\n\t\t\t\t#wpforms-166 {\n\t\t\t\t--wpforms-field-border-radius: 0px;\n--wpforms-field-border-color: #781160;\n--wpforms-field-border-color-spare: #781160;\n--wpforms-field-text-color: #ad4083;\n--wpforms-label-color: #262626;\n--wpforms-label-sublabel-color: #7f7f7f;\n--wpforms-label-error-color: #ff0000;\n--wpforms-button-border-style: solid;\n--wpforms-button-border-radius: 0px;\n--wpforms-button-background-color: #dddddd;\n--wpforms-button-border-color: #993887;\n--wpforms-button-text-color: #9c2a8b;\n--wpforms-container-padding: 0px;\n--wpforms-container-border-width: 1px;\n--wpforms-container-border-radius: 3px;\n--wpforms-background-color: rgba(0, 0, 0, 0);\n--wpforms-page-break-color: #dddddd;\n--wpforms-field-size-input-height: 43px;\n--wpforms-field-size-input-spacing: 15px;\n--wpforms-field-size-font-size: 16px;\n--wpforms-field-size-line-height: 19px;\n--wpforms-field-size-padding-h: 14px;\n--wpforms-field-size-checkbox-size: 16px;\n--wpforms-field-size-sublabel-spacing: 5px;\n--wpforms-field-size-icon-size: 1;\n--wpforms-label-size-font-size: 14px;\n--wpforms-label-size-line-height: 17px;\n--wpforms-label-size-sublabel-font-size: 13px;\n--wpforms-label-size-sublabel-line-height: 16px;\n--wpforms-button-size-font-size: 17px;\n--wpforms-button-size-height: 41px;\n--wpforms-button-size-padding-h: 15px;\n--wpforms-button-size-margin-top: 10px;\n--wpforms-container-shadow-size-box-shadow: none;\n\t\t\t}\n\t\t\t<\/style><div class=\"wpforms-container wpforms-container-full wpforms-render-modern\" id=\"wpforms-166\"><form id=\"wpforms-form-166\" class=\"wpforms-validate wpforms-form wpforms-ajax-form\" data-formid=\"166\" method=\"post\" enctype=\"multipart\/form-data\" action=\"\/index.php\/wp-json\/wp\/v2\/pages\/129\" data-token=\"4dea4b8883e2f301defe0cea3d51d3c6\" data-token-time=\"1776593025\"><noscript class=\"wpforms-error-noscript\">Please enable JavaScript in your browser to complete this form.<\/noscript><div id=\"wpforms-error-noscript\" style=\"display: none;\">Please enable JavaScript in your browser to complete this form.<\/div><div class=\"wpforms-field-container\"><div id=\"wpforms-166-field_1-container\" class=\"wpforms-field wpforms-field-name\" data-field-id=\"1\"><label class=\"wpforms-field-label\" for=\"wpforms-166-field_1\">Nimesi <span class=\"wpforms-required-label\" aria-hidden=\"true\">*<\/span><\/label><input type=\"text\" id=\"wpforms-166-field_1\" class=\"wpforms-field-medium wpforms-field-required\" name=\"wpforms[fields][1]\" aria-errormessage=\"wpforms-166-field_1-error\" required><\/div><div id=\"wpforms-166-field_2-container\" class=\"wpforms-field wpforms-field-text\" data-field-id=\"2\"><label class=\"wpforms-field-label\" for=\"wpforms-166-field_2\">Puhelinnumerosi <span class=\"wpforms-required-label\" aria-hidden=\"true\">*<\/span><\/label><input type=\"text\" id=\"wpforms-166-field_2\" class=\"wpforms-field-medium wpforms-field-required\" name=\"wpforms[fields][2]\" aria-errormessage=\"wpforms-166-field_2-error\" required><\/div>\t\t<div id=\"wpforms-166-field_7-container\"\n\t\t\tclass=\"wpforms-field wpforms-field-text\"\n\t\t\tdata-field-type=\"text\"\n\t\t\tdata-field-id=\"7\"\n\t\t\t>\n\t\t\t<label class=\"wpforms-field-label\" for=\"wpforms-166-field_7\" >Puhelinnumerosi Siivouskohteen koko<\/label>\n\t\t\t<input type=\"text\" id=\"wpforms-166-field_7\" class=\"wpforms-field-medium\" name=\"wpforms[fields][7]\" >\n\t\t<\/div>\n\t\t<div id=\"wpforms-166-field_3-container\" class=\"wpforms-field wpforms-field-text\" data-field-id=\"3\"><label class=\"wpforms-field-label\" for=\"wpforms-166-field_3\">S\u00e4hk\u00f6postiosoitteesi<\/label><input type=\"text\" id=\"wpforms-166-field_3\" class=\"wpforms-field-medium\" name=\"wpforms[fields][3]\" aria-errormessage=\"wpforms-166-field_3-error\" ><\/div><div id=\"wpforms-166-field_4-container\" class=\"wpforms-field wpforms-field-select wpforms-field-select-style-classic\" data-field-id=\"4\"><label class=\"wpforms-field-label\" for=\"wpforms-166-field_4\">Siivouspalvelu <span class=\"wpforms-required-label\" aria-hidden=\"true\">*<\/span><\/label><select id=\"wpforms-166-field_4\" class=\"wpforms-field-medium wpforms-field-required\" name=\"wpforms[fields][4]\" required=\"required\"><option value=\"\" class=\"placeholder\" disabled  selected='selected'>-- Valitse palvelu --<\/option><option value=\"Yll\u00e4pitosiivous\"  class=\"choice-1 depth-1\"  >Yll\u00e4pitosiivous<\/option><option value=\"Kertasiivous\"  class=\"choice-2 depth-1\"  >Kertasiivous<\/option><option value=\"Muuttosiivous\"  class=\"choice-3 depth-1\"  >Muuttosiivous<\/option><option value=\"Toimisto- ja liiketilat\"  class=\"choice-4 depth-1\"  >Toimisto- ja liiketilat<\/option><option value=\"Raivaus-\/h\u00e4\u00e4t\u00f6siivous\"  class=\"choice-5 depth-1\"  >Raivaus-\/h\u00e4\u00e4t\u00f6siivous<\/option><option value=\"Yksitt\u00e4iset tilat\"  class=\"choice-6 depth-1\"  >Yksitt\u00e4iset tilat<\/option><option value=\"Taloyhti\u00f6t\"  class=\"choice-8 depth-1\"  >Taloyhti\u00f6t<\/option><option value=\"Remonttisiivous\"  class=\"choice-9 depth-1\"  >Remonttisiivous<\/option><option value=\"Lis\u00e4palvelut\"  class=\"choice-7 depth-1\"  >Lis\u00e4palvelut<\/option><\/select><\/div><div id=\"wpforms-166-field_5-container\" class=\"wpforms-field wpforms-field-select wpforms-field-select-style-classic\" data-field-id=\"5\"><label class=\"wpforms-field-label\" for=\"wpforms-166-field_5\">Siivouskohteen koko <span class=\"wpforms-required-label\" aria-hidden=\"true\">*<\/span><\/label><select id=\"wpforms-166-field_5\" class=\"wpforms-field-medium wpforms-field-required\" name=\"wpforms[fields][5]\" required=\"required\"><option value=\"\" class=\"placeholder\" disabled  selected='selected'>-- Valitse koko --<\/option><option value=\"alle 35 m\u00b2\"  class=\"choice-1 depth-1\"  >alle 35 m\u00b2<\/option><option value=\"35-60 m\u00b2\"  class=\"choice-2 depth-1\"  >35-60 m\u00b2<\/option><option value=\"60-80 m\u00b2\"  class=\"choice-3 depth-1\"  >60-80 m\u00b2<\/option><option value=\"80-100 m\u00b2\"  class=\"choice-4 depth-1\"  >80-100 m\u00b2<\/option><option value=\"yli 100 m\u00b2\"  class=\"choice-5 depth-1\"  >yli 100 m\u00b2<\/option><\/select><\/div><div id=\"wpforms-166-field_6-container\" class=\"wpforms-field wpforms-field-textarea\" data-field-id=\"6\"><label class=\"wpforms-field-label\" for=\"wpforms-166-field_6\">Lis\u00e4tiedot <span class=\"wpforms-required-label\" aria-hidden=\"true\">*<\/span><\/label><textarea id=\"wpforms-166-field_6\" class=\"wpforms-field-medium wpforms-field-required\" name=\"wpforms[fields][6]\" aria-errormessage=\"wpforms-166-field_6-error\" aria-describedby=\"wpforms-166-field_6-description\" required><\/textarea><div id=\"wpforms-166-field_6-description\" class=\"wpforms-field-description\">Siivouksen toivottu ajankohta, mahdolliset lis\u00e4palvelut ja muut siivouksen kannalta oleelliset tiedot.<\/div><\/div><script>\n\t\t\t\t( function() {\n\t\t\t\t\tconst style = document.createElement( 'style' );\n\t\t\t\t\tstyle.appendChild( document.createTextNode( '#wpforms-166-field_7-container { position: absolute !important; overflow: hidden !important; display: inline !important; height: 1px !important; width: 1px !important; z-index: -1000 !important; padding: 0 !important; } #wpforms-166-field_7-container input { visibility: hidden; } #wpforms-conversational-form-page #wpforms-166-field_7-container label { counter-increment: none; }' ) );\n\t\t\t\t\tdocument.head.appendChild( style );\n\t\t\t\t\tdocument.currentScript?.remove();\n\t\t\t\t} )();\n\t\t\t<\/script><\/div><!-- .wpforms-field-container --><div class=\"wpforms-submit-container\" ><input type=\"hidden\" name=\"wpforms[id]\" value=\"166\"><input type=\"hidden\" name=\"page_title\" value=\"\"><input type=\"hidden\" name=\"page_url\" value=\"https:\/\/mini-siivous.fi\/index.php\/wp-json\/wp\/v2\/pages\/129\"><input type=\"hidden\" name=\"url_referer\" value=\"\"><button type=\"submit\" name=\"wpforms[submit]\" id=\"wpforms-submit-166\" class=\"wpforms-submit\" data-alt-text=\"Ladataan...\" data-submit-text=\"L\u00e4het\u00e4\" aria-live=\"assertive\" value=\"wpforms-submit\">L\u00e4het\u00e4<\/button><img loading=\"lazy\" decoding=\"async\" src=\"https:\/\/mini-siivous.fi\/wp-content\/plugins\/wpforms-lite\/assets\/images\/submit-spin.svg\" class=\"wpforms-submit-spinner\" style=\"display: none;\" width=\"26\" height=\"26\" alt=\"Loading\"><\/div><\/form><\/div>  <!-- .wpforms-container -->\n\n\n\n<p class=\"has-text-align-center\">tmi Mira Nisula | Y-tunnus: 3599483-4<\/p>\n","protected":false},"excerpt":{"rendered":"<p>041-3277 805 Voit soittaa tai j\u00e4tt\u00e4\u00e4 soittopyynn\u00f6n tekstiviestill\u00e4 tai Whatsapp-viestill\u00e4. mira.nisula@mini-siivous.fi Voit j\u00e4tt\u00e4\u00e4 soittopyynn\u00f6n my\u00f6s s\u00e4hk\u00f6postilla tai voit tilata siivouspalvelun suoraan s\u00e4hk\u00f6postitse. Kerro siivouskohteesta sek\u00e4 mist\u00e4 palvelusta olet kiinnostunut. Facebook Instagram tmi Mira Nisula | Y-tunnus: 3599483-4<\/p>\n","protected":false},"author":1,"featured_media":0,"parent":0,"menu_order":0,"comment_status":"closed","ping_status":"closed","template":"","meta":{"footnotes":""},"class_list":["post-129","page","type-page","status-publish","hentry"],"_links":{"self":[{"href":"https:\/\/mini-siivous.fi\/index.php\/wp-json\/wp\/v2\/pages\/129","targetHints":{"allow":["GET"]}}],"collection":[{"href":"https:\/\/mini-siivous.fi\/index.php\/wp-json\/wp\/v2\/pages"}],"about":[{"href":"https:\/\/mini-siivous.fi\/index.php\/wp-json\/wp\/v2\/types\/page"}],"author":[{"embeddable":true,"href":"https:\/\/mini-siivous.fi\/index.php\/wp-json\/wp\/v2\/users\/1"}],"replies":[{"embeddable":true,"href":"https:\/\/mini-siivous.fi\/index.php\/wp-json\/wp\/v2\/comments?post=129"}],"version-history":[{"count":9,"href":"https:\/\/mini-siivous.fi\/index.php\/wp-json\/wp\/v2\/pages\/129\/revisions"}],"predecessor-version":[{"id":220,"href":"https:\/\/mini-siivous.fi\/index.php\/wp-json\/wp\/v2\/pages\/129\/revisions\/220"}],"wp:attachment":[{"href":"https:\/\/mini-siivous.fi\/index.php\/wp-json\/wp\/v2\/media?parent=129"}],"curies":[{"name":"wp","href":"https:\/\/api.w.org\/{rel}","templated":true}]}}